{"id":8037,"date":"2024-06-05T16:18:37","date_gmt":"2024-06-05T13:18:37","guid":{"rendered":"https:\/\/habitatistanbul.com\/maintenance-page\/"},"modified":"2024-06-06T12:02:17","modified_gmt":"2024-06-06T09:02:17","slug":"maintenance-page","status":"publish","type":"page","link":"https:\/\/habitatistanbul.com\/maintenance-page\/","title":{"rendered":"Maintenance Page"},"content":{"rendered":"\n<div id=\"wp-block-themeisle-blocks-advanced-columns-38fdf81c\" class=\"wp-block-themeisle-blocks-advanced-columns alignfull has-2-columns has-desktop-equal-layout has-tablet-collapsedRows-layout has-mobile-collapsedRows-layout has-vertical-center has-light-bg\"><div class=\"wp-block-themeisle-blocks-advanced-columns-overlay\"><\/div><div class=\"innerblocks-wrap\">\n<div id=\"wp-block-themeisle-blocks-advanced-column-0a1b5b8c\" class=\"wp-block-themeisle-blocks-advanced-column\">\n<figure class=\"wp-block-image size-full is-resized is-style-rounded\"><img fetchpriority=\"high\" decoding=\"async\" width=\"1000\" height=\"531\" src=\"https:\/\/habitatistanbul.com\/wp-content\/uploads\/2024\/06\/farmer-under-cons.png\" alt=\"\" class=\"wp-image-8047\" style=\"aspect-ratio:16\/9;object-fit:cover;width:535px;height:auto\" srcset=\"https:\/\/habitatistanbul.com\/wp-content\/uploads\/2024\/06\/farmer-under-cons.png 1000w, https:\/\/habitatistanbul.com\/wp-content\/uploads\/2024\/06\/farmer-under-cons-300x159.png 300w, https:\/\/habitatistanbul.com\/wp-content\/uploads\/2024\/06\/farmer-under-cons-768x408.png 768w, https:\/\/habitatistanbul.com\/wp-content\/uploads\/2024\/06\/farmer-under-cons-600x319.png 600w\" sizes=\"(max-width: 1000px) 100vw, 1000px\" \/><\/figure>\n<\/div>\n\n\n\n<div id=\"wp-block-themeisle-blocks-advanced-column-efa311e1\" class=\"wp-block-themeisle-blocks-advanced-column\">\n<h1 id=\"wp-block-themeisle-blocks-advanced-heading-341a26ad\" class=\"wp-block-themeisle-blocks-advanced-heading wp-block-themeisle-blocks-advanced-heading-341a26ad\">Sitemiz bak\u0131m a\u015famas\u0131ndad\u0131r.<\/h1>\n\n\n\n<h2 id=\"wp-block-themeisle-blocks-advanced-heading-ba3a930f\" class=\"wp-block-themeisle-blocks-advanced-heading wp-block-themeisle-blocks-advanced-heading-ba3a930f\">Sizlere daha iyi hizmet verebilmek i\u00e7in k\u0131sa bir s\u00fcreli\u011fine bak\u0131m a\u015famas\u0131nday\u0131z. Anlay\u0131\u015f\u0131n\u0131z i\u00e7in te\u015fekk\u00fcr ederiz.<\/h2>\n<\/div>\n<\/div><\/div>\n","protected":false},"excerpt":{"rendered":"","protected":false},"author":1,"featured_media":0,"parent":0,"menu_order":0,"comment_status":"closed","ping_status":"closed","template":"templates\/wpmm-page-template.php","meta":{"inline_featured_image":false,"_themeisle_gutenberg_block_has_review":false,"footnotes":""},"class_list":["post-8037","page","type-page","status-publish","hentry"],"_links":{"self":[{"href":"https:\/\/habitatistanbul.com\/maintenance-page\/wp-json\/wp\/v2\/pages\/8037","targetHints":{"allow":["GET"]}}],"collection":[{"href":"https:\/\/habitatistanbul.com\/maintenance-page\/wp-json\/wp\/v2\/pages"}],"about":[{"href":"https:\/\/habitatistanbul.com\/maintenance-page\/wp-json\/wp\/v2\/types\/page"}],"author":[{"embeddable":true,"href":"https:\/\/habitatistanbul.com\/maintenance-page\/wp-json\/wp\/v2\/users\/1"}],"replies":[{"embeddable":true,"href":"https:\/\/habitatistanbul.com\/maintenance-page\/wp-json\/wp\/v2\/comments?post=8037"}],"version-history":[{"count":9,"href":"https:\/\/habitatistanbul.com\/maintenance-page\/wp-json\/wp\/v2\/pages\/8037\/revisions"}],"predecessor-version":[{"id":8052,"href":"https:\/\/habitatistanbul.com\/maintenance-page\/wp-json\/wp\/v2\/pages\/8037\/revisions\/8052"}],"wp:attachment":[{"href":"https:\/\/habitatistanbul.com\/maintenance-page\/wp-json\/wp\/v2\/media?parent=8037"}],"curies":[{"name":"wp","href":"https:\/\/api.w.org\/{rel}","templated":true}]}}